{"id":1017,"date":"2020-07-09T10:06:19","date_gmt":"2020-07-09T09:06:19","guid":{"rendered":"https:\/\/hotel-le-verseau.com\/bien-etre-spa\/"},"modified":"2020-07-09T10:06:19","modified_gmt":"2020-07-09T09:06:19","slug":"bien-etre-spa","status":"publish","type":"page","link":"https:\/\/hotel-le-verseau.com\/ru\/bien-etre-spa\/","title":{"rendered":"Bien-\u00eatre &#038; SPA"},"content":{"rendered":"\t\t<div data-elementor-type=\"wp-page\" data-elementor-id=\"1017\" class=\"elementor elementor-1017 elementor-380\" data-elementor-post-type=\"page\">\n\t\t\t\t\t\t\t\t\t<section class=\"elementor-section elementor-top-section elementor-element elementor-element-fe24c68 elementor-section-boxed elementor-section-height-default elementor-section-height-default\" data-id=\"fe24c68\" data-element_type=\"section\">\n\t\t\t\t\t\t<div class=\"elementor-container elementor-column-gap-default\">\n\t\t\t\t\t<div class=\"elementor-column elementor-col-100 elementor-top-column elementor-element elementor-element-ede3f1a\" data-id=\"ede3f1a\" data-element_type=\"column\">\n\t\t\t<div class=\"elementor-widget-wrap elementor-element-populated\">\n\t\t\t\t\t\t\t\t<div class=\"elementor-element elementor-element-3209464 elementor-widget elementor-widget-spacer\" data-id=\"3209464\" data-element_type=\"widget\" data-widget_type=\"spacer.default\">\n\t\t\t\t<div class=\"elementor-widget-container\">\n\t\t\t\t\t<div class=\"elementor-spacer\">\n\t\t\t<div class=\"elementor-spacer-inner\"><\/div>\n\t\t<\/div>\n\t\t\t\t<\/div>\n\t\t\t\t<\/div>\n\t\t\t\t<div class=\"elementor-element elementor-element-4e36332 animated-slow elementor-invisible elementor-widget elementor-widget-heading\" data-id=\"4e36332\" data-element_type=\"widget\" data-settings=\"{&quot;_animation&quot;:&quot;fadeInLeft&quot;}\" data-widget_type=\"heading.default\">\n\t\t\t\t<div class=\"elementor-widget-container\">\n\t\t\t<h1 class=\"elementor-heading-title elementor-size-default\">Bien-\u00eatre &amp; SPA<\/h1>\t\t<\/div>\n\t\t\t\t<\/div>\n\t\t\t\t<div class=\"elementor-element elementor-element-bd04058 animated-slow elementor-invisible elementor-widget elementor-widget-heading\" data-id=\"bd04058\" data-element_type=\"widget\" data-settings=\"{&quot;_animation&quot;:&quot;fadeInRight&quot;}\" data-widget_type=\"heading.default\">\n\t\t\t\t<div class=\"elementor-widget-container\">\n\t\t\t<h2 class=\"elementor-heading-title elementor-size-default\">\u00e0 Brides-Les-Bains<\/h2>\t\t<\/div>\n\t\t\t\t<\/div>\n\t\t\t\t\t<\/div>\n\t\t<\/div>\n\t\t\t\t\t\t\t<\/div>\n\t\t<\/section>\n\t\t\t\t<section class=\"elementor-section elementor-top-section elementor-element elementor-element-39c46f9 elementor-section-boxed elementor-section-height-default elementor-section-height-default\" data-id=\"39c46f9\" data-element_type=\"section\">\n\t\t\t\t\t\t<div class=\"elementor-container elementor-column-gap-default\">\n\t\t\t\t\t<div class=\"elementor-column elementor-col-100 elementor-top-column elementor-element elementor-element-4881559\" data-id=\"4881559\" data-element_type=\"column\">\n\t\t\t<div class=\"elementor-widget-wrap elementor-element-populated\">\n\t\t\t\t\t\t\t\t<div class=\"elementor-element elementor-element-7e409a1 elementor-widget elementor-widget-spacer\" data-id=\"7e409a1\" data-element_type=\"widget\" data-widget_type=\"spacer.default\">\n\t\t\t\t<div class=\"elementor-widget-container\">\n\t\t\t\t\t<div class=\"elementor-spacer\">\n\t\t\t<div class=\"elementor-spacer-inner\"><\/div>\n\t\t<\/div>\n\t\t\t\t<\/div>\n\t\t\t\t<\/div>\n\t\t\t\t<section class=\"elementor-section elementor-inner-section elementor-element elementor-element-e2fd908 elementor-section-boxed elementor-section-height-default elementor-section-height-default\" data-id=\"e2fd908\" data-element_type=\"section\">\n\t\t\t\t\t\t<div class=\"elementor-container elementor-column-gap-default\">\n\t\t\t\t\t<div class=\"elementor-column elementor-col-50 elementor-inner-column elementor-element elementor-element-f178cce\" data-id=\"f178cce\" data-element_type=\"column\">\n\t\t\t<div class=\"elementor-widget-wrap elementor-element-populated\">\n\t\t\t\t\t\t\t\t<div class=\"elementor-element elementor-element-6072306 elementor-widget elementor-widget-heading\" data-id=\"6072306\" data-element_type=\"widget\" data-widget_type=\"heading.default\">\n\t\t\t\t<div class=\"elementor-widget-container\">\n\t\t\t<h2 class=\"elementor-heading-title elementor-size-default\">Piscine ext\u00e9rieure chauff\u00e9e (en \u00e9t\u00e9)<\/h2>\t\t<\/div>\n\t\t\t\t<\/div>\n\t\t\t\t<div class=\"elementor-element elementor-element-2911160 elementor-widget elementor-widget-text-editor\" data-id=\"2911160\" data-element_type=\"widget\" data-widget_type=\"text-editor.default\">\n\t\t\t\t<div class=\"elementor-widget-container\">\n\t\t\t\t\t\t\t<p>Que vous optiez pour quelques brasses ou un moment de d\u00e9tente dans la piscine ext\u00e9rieure chauff\u00e9e, l&#8217;espace face aux cimes vous garantit une \u00e9vasion sensorielle unique.<\/p>\t\t\t\t\t\t<\/div>\n\t\t\t\t<\/div>\n\t\t\t\t\t<\/div>\n\t\t<\/div>\n\t\t\t\t<div class=\"elementor-column elementor-col-50 elementor-inner-column elementor-element elementor-element-4881e18\" data-id=\"4881e18\" data-element_type=\"column\">\n\t\t\t<div class=\"elementor-widget-wrap elementor-element-populated\">\n\t\t\t\t\t\t\t\t<div class=\"elementor-element elementor-element-6688863 elementor--h-position-right elementor--v-position-bottom elementor-arrows-position-inside elementor-pagination-position-inside elementor-widget elementor-widget-slides\" data-id=\"6688863\" data-element_type=\"widget\" data-settings=\"{&quot;navigation&quot;:&quot;both&quot;,&quot;autoplay&quot;:&quot;yes&quot;,&quot;pause_on_hover&quot;:&quot;yes&quot;,&quot;pause_on_interaction&quot;:&quot;yes&quot;,&quot;autoplay_speed&quot;:5000,&quot;infinite&quot;:&quot;yes&quot;,&quot;transition&quot;:&quot;slide&quot;,&quot;transition_speed&quot;:500}\" data-widget_type=\"slides.default\">\n\t\t\t\t<div class=\"elementor-widget-container\">\n\t\t\t\t\t<div class=\"elementor-swiper\">\n\t\t\t<div class=\"elementor-slides-wrapper elementor-main-swiper swiper-container\" dir=\"ltr\" data-animation=\"fadeInUp\">\n\t\t\t\t<div class=\"swiper-wrapper elementor-slides\">\n\t\t\t\t\t\t\t\t\t\t<div class=\"elementor-repeater-item-226bafe swiper-slide\"><div class=\"swiper-slide-bg\" role=\"img\"><\/div><div class=\"swiper-slide-inner\" ><div class=\"swiper-slide-contents\"><\/div><\/div><\/div><div class=\"elementor-repeater-item-bdbbcc9 swiper-slide\"><div class=\"swiper-slide-bg\" role=\"img\"><\/div><div class=\"swiper-slide-inner\" ><div class=\"swiper-slide-contents\"><\/div><\/div><\/div><div class=\"elementor-repeater-item-e1a8c19 swiper-slide\"><div class=\"swiper-slide-bg\" role=\"img\"><\/div><div class=\"swiper-slide-inner\" ><div class=\"swiper-slide-contents\"><\/div><\/div><\/div>\t\t\t\t<\/div>\n\t\t\t\t\t\t\t\t\t\t\t\t\t\t\t<div class=\"swiper-pagination\"><\/div>\n\t\t\t\t\t\t\t\t\t\t\t\t\t\t\t\t<div class=\"elementor-swiper-button elementor-swiper-button-prev\" role=\"button\" tabindex=\"0\">\n\t\t\t\t\t\t\t<i aria-hidden=\"true\" class=\"eicon-chevron-left\"><\/i>\t\t\t\t\t\t\t<span class=\"elementor-screen-only\">Previous slide<\/span>\n\t\t\t\t\t\t<\/div>\n\t\t\t\t\t\t<div class=\"elementor-swiper-button elementor-swiper-button-next\" role=\"button\" tabindex=\"0\">\n\t\t\t\t\t\t\t<i aria-hidden=\"true\" class=\"eicon-chevron-right\"><\/i>\t\t\t\t\t\t\t<span class=\"elementor-screen-only\">Next slide<\/span>\n\t\t\t\t\t\t<\/div>\n\t\t\t\t\t\t\t\t\t\t\t\t<\/div>\n\t\t<\/div>\n\t\t\t\t<\/div>\n\t\t\t\t<\/div>\n\t\t\t\t\t<\/div>\n\t\t<\/div>\n\t\t\t\t\t\t\t<\/div>\n\t\t<\/section>\n\t\t\t\t\t<\/div>\n\t\t<\/div>\n\t\t\t\t\t\t\t<\/div>\n\t\t<\/section>\n\t\t\t\t<section class=\"elementor-section elementor-top-section elementor-element elementor-element-e541a93 elementor-section-boxed elementor-section-height-default elementor-section-height-default\" data-id=\"e541a93\" data-element_type=\"section\">\n\t\t\t\t\t\t<div class=\"elementor-container elementor-column-gap-default\">\n\t\t\t\t\t<div class=\"elementor-column elementor-col-100 elementor-top-column elementor-element elementor-element-96aeafb\" data-id=\"96aeafb\" data-element_type=\"column\">\n\t\t\t<div class=\"elementor-widget-wrap elementor-element-populated\">\n\t\t\t\t\t\t\t\t<div class=\"elementor-element elementor-element-c027976 elementor-widget elementor-widget-spacer\" data-id=\"c027976\" data-element_type=\"widget\" data-widget_type=\"spacer.default\">\n\t\t\t\t<div class=\"elementor-widget-container\">\n\t\t\t\t\t<div class=\"elementor-spacer\">\n\t\t\t<div class=\"elementor-spacer-inner\"><\/div>\n\t\t<\/div>\n\t\t\t\t<\/div>\n\t\t\t\t<\/div>\n\t\t\t\t<section class=\"elementor-section elementor-inner-section elementor-element elementor-element-a85f334 elementor-section-boxed elementor-section-height-default elementor-section-height-default\" data-id=\"a85f334\" data-element_type=\"section\">\n\t\t\t\t\t\t<div class=\"elementor-container elementor-column-gap-default\">\n\t\t\t\t\t<div class=\"elementor-column elementor-col-50 elementor-inner-column elementor-element elementor-element-04269bd\" data-id=\"04269bd\" data-element_type=\"column\">\n\t\t\t<div class=\"elementor-widget-wrap elementor-element-populated\">\n\t\t\t\t\t\t\t\t<div class=\"elementor-element elementor-element-15b8840 elementor-widget elementor-widget-image\" data-id=\"15b8840\" data-element_type=\"widget\" data-widget_type=\"image.default\">\n\t\t\t\t<div class=\"elementor-widget-container\">\n\t\t\t\t\t\t\t\t\t\t\t\t\t\t\t<img decoding=\"async\" width=\"800\" height=\"600\" src=\"https:\/\/hotel-le-verseau.com\/wp-content\/uploads\/hammam--1024x768.jpeg\" class=\"attachment-large size-large wp-image-622\" alt=\"spa brides les bains\" srcset=\"https:\/\/hotel-le-verseau.com\/wp-content\/uploads\/hammam--1024x768.jpeg 1024w, https:\/\/hotel-le-verseau.com\/wp-content\/uploads\/hammam--300x225.jpeg 300w, https:\/\/hotel-le-verseau.com\/wp-content\/uploads\/hammam--768x576.jpeg 768w, https:\/\/hotel-le-verseau.com\/wp-content\/uploads\/hammam--1536x1152.jpeg 1536w, https:\/\/hotel-le-verseau.com\/wp-content\/uploads\/hammam-.jpeg 2016w\" sizes=\"(max-width: 800px) 100vw, 800px\" \/>\t\t\t\t\t\t\t\t\t\t\t\t\t\t\t<\/div>\n\t\t\t\t<\/div>\n\t\t\t\t\t<\/div>\n\t\t<\/div>\n\t\t\t\t<div class=\"elementor-column elementor-col-50 elementor-inner-column elementor-element elementor-element-1671377\" data-id=\"1671377\" data-element_type=\"column\">\n\t\t\t<div class=\"elementor-widget-wrap elementor-element-populated\">\n\t\t\t\t\t\t\t\t<div class=\"elementor-element elementor-element-6025446 elementor-widget elementor-widget-heading\" data-id=\"6025446\" data-element_type=\"widget\" data-widget_type=\"heading.default\">\n\t\t\t\t<div class=\"elementor-widget-container\">\n\t\t\t<h2 class=\"elementor-heading-title elementor-size-default\">Sauna<\/h2>\t\t<\/div>\n\t\t\t\t<\/div>\n\t\t\t\t<div class=\"elementor-element elementor-element-1543e60 elementor-widget elementor-widget-text-editor\" data-id=\"1543e60\" data-element_type=\"widget\" data-widget_type=\"text-editor.default\">\n\t\t\t\t<div class=\"elementor-widget-container\">\n\t\t\t\t\t\t\t<p>La chaleur infrarouge provoquerait une sudation 3 \u00e0 6 fois plus importante qu&#8217;un sauna traditionnel. Gr\u00e2ce \u00e0 cette forte transpiration, la peau respire mieux et son irrigation sanguine s&#8217;en trouve am\u00e9lior\u00e9e. Les muscles tendus, d\u00e9barrass\u00e9s de leurs toxines, s&#8217;assouplissent.<\/p>\t\t\t\t\t\t<\/div>\n\t\t\t\t<\/div>\n\t\t\t\t\t<\/div>\n\t\t<\/div>\n\t\t\t\t\t\t\t<\/div>\n\t\t<\/section>\n\t\t\t\t<div class=\"elementor-element elementor-element-8170551 elementor-widget elementor-widget-spacer\" data-id=\"8170551\" data-element_type=\"widget\" data-widget_type=\"spacer.default\">\n\t\t\t\t<div class=\"elementor-widget-container\">\n\t\t\t\t\t<div class=\"elementor-spacer\">\n\t\t\t<div class=\"elementor-spacer-inner\"><\/div>\n\t\t<\/div>\n\t\t\t\t<\/div>\n\t\t\t\t<\/div>\n\t\t\t\t\t<\/div>\n\t\t<\/div>\n\t\t\t\t\t\t\t<\/div>\n\t\t<\/section>\n\t\t\t\t<section class=\"elementor-section elementor-top-section elementor-element elementor-element-0762a65 elementor-section-boxed elementor-section-height-default elementor-section-height-default\" data-id=\"0762a65\" data-element_type=\"section\">\n\t\t\t\t\t\t<div class=\"elementor-container elementor-column-gap-default\">\n\t\t\t\t\t<div class=\"elementor-column elementor-col-100 elementor-top-column elementor-element elementor-element-fb789cf\" data-id=\"fb789cf\" data-element_type=\"column\">\n\t\t\t<div class=\"elementor-widget-wrap elementor-element-populated\">\n\t\t\t\t\t\t\t\t<section class=\"elementor-section elementor-inner-section elementor-element elementor-element-09155c5 elementor-section-boxed elementor-section-height-default elementor-section-height-default\" data-id=\"09155c5\" data-element_type=\"section\">\n\t\t\t\t\t\t<div class=\"elementor-container elementor-column-gap-default\">\n\t\t\t\t\t<div class=\"elementor-column elementor-col-50 elementor-inner-column elementor-element elementor-element-4e21d57\" data-id=\"4e21d57\" data-element_type=\"column\">\n\t\t\t<div class=\"elementor-widget-wrap elementor-element-populated\">\n\t\t\t\t\t\t\t\t<div class=\"elementor-element elementor-element-f10a942 elementor-widget elementor-widget-heading\" data-id=\"f10a942\" data-element_type=\"widget\" data-widget_type=\"heading.default\">\n\t\t\t\t<div class=\"elementor-widget-container\">\n\t\t\t<h2 class=\"elementor-heading-title elementor-size-default\">Centre thermal de Brides-les-Bains<\/h2>\t\t<\/div>\n\t\t\t\t<\/div>\n\t\t\t\t<div class=\"elementor-element elementor-element-b3303eb elementor-widget elementor-widget-text-editor\" data-id=\"b3303eb\" data-element_type=\"widget\" data-widget_type=\"text-editor.default\">\n\t\t\t\t<div class=\"elementor-widget-container\">\n\t\t\t\t\t\t\t<p>Les Thermes de Brides-les-Bains\u00ae, la r\u00e9f\u00e9rence pour maigrir.<\/p><p>Les Thermes de Brides-les-Bains\u00ae sont leader dans le traitement de l\u2019amaigrissement en France.<\/p><p>Cette position doit beaucoup \u00e0 sa capacit\u00e9 d\u2019innovations. Exp\u00e9\u00adriences, \u00e9tudes et investissements en recherche leur assurent une longueur d\u2019avance pour soigner les personnes en surpoids. Les Thermes poss\u00e8dent aussi une orientation rhumatologie pour les curistes. Les soins ont alors lieu \u00e0 Salins-les-Thermes, o\u00f9 l\u2019eau thermale poss\u00e8de une composition proche de l\u2019eau de mer, favorisant la portance, diminuant les douleurs et am\u00e9liorant la mobilit\u00e9 articulaire.<\/p><h3>Comment bien pr\u00e9parer sa cure thermale en pension compl\u00e8te \u00e0 Brides les bains ?<\/h3><p>1 &#8212; Faire une demande aupr\u00e8s de son m\u00e9decin traitant pour une prise en charge de la CPAM<br \/>2 &#8212; R\u00e9servation de l\u2019h\u00e9bergement. <a href=\"https:\/\/hotel-le-verseau.com\/lhotel\/\" target=\"_blank\" rel=\"noopener\">D\u00e9couvrez notre h\u00f4tel<\/a><br \/>3 &#8212; <a href=\"https:\/\/www.thermes-brideslesbains.fr\/\" target=\"_blank\" rel=\"noopener\">R\u00e9servation des thermes<\/a>\u00a0<br \/>4 &#8212; prise de rendez-vous avec un m\u00e9decin thermal de Brides les Bains<br \/>5 &#8212; Profitez de votre cure tranquillement<\/p><h3>Comment se passe une journ\u00e9e type lors d\u2019une cure d\u2019amaigrissement \u00e0 brides les bains ?<\/h3><p>Le MATIN<\/p><p>1- Petit d\u00e9jeuner servi en chambre ou \u00e0 table en plateau individuel avec le respect du Label di\u00e9t\u00e9tique en accord avec votre prescription m\u00e9dicale<br \/>2 &#8212; Soins au centre thermal <br \/>3 &#8212; Activit\u00e9 physique : soit une marche sant\u00e9 ou de type yoga ou r\u00e9veil musculaire organis\u00e9 par l\u2019office de tourisme (lien)<br \/>4 &#8212; Passage \u00e0 la buvette thermale<br \/>5 &#8212; D\u00e9jeuner \u00e0 l\u2019h\u00f4tel toujours en respectant le Label di\u00e9t\u00e9tique et votre prescription m\u00e9dicale dans notre salle de restaurant ou en terrasse<\/p><p>L&#8217;APR\u00c8S-MIDI<\/p><p>1 &#8212; Marche sant\u00e9 si vous n\u2019avez pas faite le matin (une seule par jour si possible, ) <br \/>2 &#8212; Soins au centre thermal ou acc\u00e8s \u00e0 la piscine de Salins <br \/>3 &#8212; Une conf\u00e9rence sur la di\u00e9t\u00e9tique<br \/>4 &#8212; Passage \u00e0 la buvette thermale<br \/>5 &#8212; D\u00eener \u00e0 l&#8217;h\u00f4tel toujours en respectant le Label di\u00e9t\u00e9tique et votre prescription m\u00e9dicale dans notre salle de restaurant ou en terrasse<\/p><p>S\u2019ajoute \u00e0 votre journ\u00e9e diff\u00e9rentes activit\u00e9 propos\u00e9es par l\u2019office de tourisme : danse, gym douce, fitness, \u2026<\/p>\t\t\t\t\t\t<\/div>\n\t\t\t\t<\/div>\n\t\t\t\t\t<\/div>\n\t\t<\/div>\n\t\t\t\t<div class=\"elementor-column elementor-col-50 elementor-inner-column elementor-element elementor-element-27e8ecc\" data-id=\"27e8ecc\" data-element_type=\"column\">\n\t\t\t<div class=\"elementor-widget-wrap elementor-element-populated\">\n\t\t\t\t\t\t\t\t<div class=\"elementor-element elementor-element-b8ac1da elementor--h-position-right elementor--v-position-bottom elementor-arrows-position-inside elementor-pagination-position-inside elementor-widget elementor-widget-slides\" data-id=\"b8ac1da\" data-element_type=\"widget\" data-settings=\"{&quot;navigation&quot;:&quot;both&quot;,&quot;autoplay&quot;:&quot;yes&quot;,&quot;pause_on_hover&quot;:&quot;yes&quot;,&quot;pause_on_interaction&quot;:&quot;yes&quot;,&quot;autoplay_speed&quot;:5000,&quot;infinite&quot;:&quot;yes&quot;,&quot;transition&quot;:&quot;slide&quot;,&quot;transition_speed&quot;:500}\" data-widget_type=\"slides.default\">\n\t\t\t\t<div class=\"elementor-widget-container\">\n\t\t\t\t\t<div class=\"elementor-swiper\">\n\t\t\t<div class=\"elementor-slides-wrapper elementor-main-swiper swiper-container\" dir=\"ltr\" data-animation=\"fadeInUp\">\n\t\t\t\t<div class=\"swiper-wrapper elementor-slides\">\n\t\t\t\t\t\t\t\t\t\t<div class=\"elementor-repeater-item-226bafe swiper-slide\"><div class=\"swiper-slide-bg\" role=\"img\"><\/div><div class=\"swiper-slide-inner\" ><div class=\"swiper-slide-contents\"><\/div><\/div><\/div>\t\t\t\t<\/div>\n\t\t\t\t\t\t\t<\/div>\n\t\t<\/div>\n\t\t\t\t<\/div>\n\t\t\t\t<\/div>\n\t\t\t\t\t<\/div>\n\t\t<\/div>\n\t\t\t\t\t\t\t<\/div>\n\t\t<\/section>\n\t\t\t\t\t<\/div>\n\t\t<\/div>\n\t\t\t\t\t\t\t<\/div>\n\t\t<\/section>\n\t\t\t\t\t\t\t<\/div>\n\t\t","protected":false},"excerpt":{"rendered":"<p>Bien-\u00eatre &amp; SPA \u00e0 Brides-Les-Bains Piscine ext\u00e9rieure chauff\u00e9e (en \u00e9t\u00e9) Que vous optiez pour quelques brasses ou un moment de d\u00e9tente dans la piscine ext\u00e9rieure chauff\u00e9e, l&#8217;espace face aux cimes vous garantit une \u00e9vasion sensorielle unique. Pr\u00e9c\u00e9dent Suivant Sauna La chaleur infrarouge provoquerait une sudation 3 \u00e0 6 fois plus importante qu&#8217;un sauna traditionnel. Gr\u00e2ce [&hellip;]<\/p>\n","protected":false},"author":1,"featured_media":0,"parent":0,"menu_order":0,"comment_status":"closed","ping_status":"closed","template":"","meta":[],"yoast_head":"<!-- This site is optimized with the Yoast SEO plugin v20.5 - https:\/\/yoast.com\/wordpress\/plugins\/seo\/ -->\n<title>Bien-\u00eatre &amp; SPA - H\u00f4tel Le Verseau<\/title>\n<meta name=\"robots\" content=\"index, follow, max-snippet:-1, max-image-preview:large, max-video-preview:-1\" \/>\n<link rel=\"canonical\" href=\"https:\/\/hotel-le-verseau.com\/ru\/bien-etre-spa\/\" \/>\n<meta property=\"og:locale\" content=\"ru_RU\" \/>\n<meta property=\"og:type\" content=\"article\" \/>\n<meta property=\"og:title\" content=\"Bien-\u00eatre &amp; SPA - H\u00f4tel Le Verseau\" \/>\n<meta property=\"og:description\" content=\"Bien-\u00eatre &amp; SPA \u00e0 Brides-Les-Bains Piscine ext\u00e9rieure chauff\u00e9e (en \u00e9t\u00e9) Que vous optiez pour quelques brasses ou un moment de d\u00e9tente dans la piscine ext\u00e9rieure chauff\u00e9e, l&#8217;espace face aux cimes vous garantit une \u00e9vasion sensorielle unique. Pr\u00e9c\u00e9dent Suivant Sauna La chaleur infrarouge provoquerait une sudation 3 \u00e0 6 fois plus importante qu&#8217;un sauna traditionnel. Gr\u00e2ce [&hellip;]\" \/>\n<meta property=\"og:url\" content=\"https:\/\/hotel-le-verseau.com\/ru\/bien-etre-spa\/\" \/>\n<meta property=\"og:site_name\" content=\"H\u00f4tel Le Verseau\" \/>\n<meta property=\"og:image\" content=\"http:\/\/hotel-le-verseau.com\/wp-content\/uploads\/hammam--1024x768.jpeg\" \/>\n<meta name=\"twitter:label1\" content=\"\u041f\u0440\u0438\u043c\u0435\u0440\u043d\u043e\u0435 \u0432\u0440\u0435\u043c\u044f \u0434\u043b\u044f \u0447\u0442\u0435\u043d\u0438\u044f\" \/>\n\t<meta name=\"twitter:data1\" content=\"2 \u043c\u0438\u043d\u0443\u0442\u044b\" \/>\n<script type=\"application\/ld+json\" class=\"yoast-schema-graph\">{\"@context\":\"https:\/\/schema.org\",\"@graph\":[{\"@type\":\"WebPage\",\"@id\":\"https:\/\/hotel-le-verseau.com\/ru\/bien-etre-spa\/\",\"url\":\"https:\/\/hotel-le-verseau.com\/ru\/bien-etre-spa\/\",\"name\":\"Bien-\u00eatre & SPA - H\u00f4tel Le Verseau\",\"isPartOf\":{\"@id\":\"https:\/\/hotel-le-verseau.com\/ru\/#website\"},\"datePublished\":\"2020-07-09T09:06:19+00:00\",\"dateModified\":\"2020-07-09T09:06:19+00:00\",\"breadcrumb\":{\"@id\":\"https:\/\/hotel-le-verseau.com\/ru\/bien-etre-spa\/#breadcrumb\"},\"inLanguage\":\"ru-RU\",\"potentialAction\":[{\"@type\":\"ReadAction\",\"target\":[\"https:\/\/hotel-le-verseau.com\/ru\/bien-etre-spa\/\"]}]},{\"@type\":\"BreadcrumbList\",\"@id\":\"https:\/\/hotel-le-verseau.com\/ru\/bien-etre-spa\/#breadcrumb\",\"itemListElement\":[{\"@type\":\"ListItem\",\"position\":1,\"name\":\"Accueil\",\"item\":\"https:\/\/hotel-le-verseau.com\/ru\/\"},{\"@type\":\"ListItem\",\"position\":2,\"name\":\"Bien-\u00eatre &#038; SPA\"}]},{\"@type\":\"WebSite\",\"@id\":\"https:\/\/hotel-le-verseau.com\/ru\/#website\",\"url\":\"https:\/\/hotel-le-verseau.com\/ru\/\",\"name\":\"H\u00f4tel Le Verseau\",\"description\":\"\",\"publisher\":{\"@id\":\"https:\/\/hotel-le-verseau.com\/ru\/#organization\"},\"potentialAction\":[{\"@type\":\"SearchAction\",\"target\":{\"@type\":\"EntryPoint\",\"urlTemplate\":\"https:\/\/hotel-le-verseau.com\/ru\/?s={search_term_string}\"},\"query-input\":\"required name=search_term_string\"}],\"inLanguage\":\"ru-RU\"},{\"@type\":\"Organization\",\"@id\":\"https:\/\/hotel-le-verseau.com\/ru\/#organization\",\"name\":\"H\u00f4tel Le Verseau\",\"url\":\"https:\/\/hotel-le-verseau.com\/ru\/\",\"logo\":{\"@type\":\"ImageObject\",\"inLanguage\":\"ru-RU\",\"@id\":\"https:\/\/hotel-le-verseau.com\/ru\/#\/schema\/logo\/image\/\",\"url\":\"https:\/\/hotel-le-verseau.com\/wp-content\/uploads\/hotel_ban1.jpg\",\"contentUrl\":\"https:\/\/hotel-le-verseau.com\/wp-content\/uploads\/hotel_ban1.jpg\",\"width\":669,\"height\":106,\"caption\":\"H\u00f4tel Le Verseau\"},\"image\":{\"@id\":\"https:\/\/hotel-le-verseau.com\/ru\/#\/schema\/logo\/image\/\"}}]}<\/script>\n<!-- \/ Yoast SEO plugin. -->","yoast_head_json":{"title":"Bien-\u00eatre & SPA - H\u00f4tel Le Verseau","robots":{"index":"index","follow":"follow","max-snippet":"max-snippet:-1","max-image-preview":"max-image-preview:large","max-video-preview":"max-video-preview:-1"},"canonical":"https:\/\/hotel-le-verseau.com\/ru\/bien-etre-spa\/","og_locale":"ru_RU","og_type":"article","og_title":"Bien-\u00eatre & SPA - H\u00f4tel Le Verseau","og_description":"Bien-\u00eatre &amp; SPA \u00e0 Brides-Les-Bains Piscine ext\u00e9rieure chauff\u00e9e (en \u00e9t\u00e9) Que vous optiez pour quelques brasses ou un moment de d\u00e9tente dans la piscine ext\u00e9rieure chauff\u00e9e, l&#8217;espace face aux cimes vous garantit une \u00e9vasion sensorielle unique. Pr\u00e9c\u00e9dent Suivant Sauna La chaleur infrarouge provoquerait une sudation 3 \u00e0 6 fois plus importante qu&#8217;un sauna traditionnel. Gr\u00e2ce [&hellip;]","og_url":"https:\/\/hotel-le-verseau.com\/ru\/bien-etre-spa\/","og_site_name":"H\u00f4tel Le Verseau","og_image":[{"url":"http:\/\/hotel-le-verseau.com\/wp-content\/uploads\/hammam--1024x768.jpeg"}],"twitter_misc":{"\u041f\u0440\u0438\u043c\u0435\u0440\u043d\u043e\u0435 \u0432\u0440\u0435\u043c\u044f \u0434\u043b\u044f \u0447\u0442\u0435\u043d\u0438\u044f":"2 \u043c\u0438\u043d\u0443\u0442\u044b"},"schema":{"@context":"https:\/\/schema.org","@graph":[{"@type":"WebPage","@id":"https:\/\/hotel-le-verseau.com\/ru\/bien-etre-spa\/","url":"https:\/\/hotel-le-verseau.com\/ru\/bien-etre-spa\/","name":"Bien-\u00eatre & SPA - H\u00f4tel Le Verseau","isPartOf":{"@id":"https:\/\/hotel-le-verseau.com\/ru\/#website"},"datePublished":"2020-07-09T09:06:19+00:00","dateModified":"2020-07-09T09:06:19+00:00","breadcrumb":{"@id":"https:\/\/hotel-le-verseau.com\/ru\/bien-etre-spa\/#breadcrumb"},"inLanguage":"ru-RU","potentialAction":[{"@type":"ReadAction","target":["https:\/\/hotel-le-verseau.com\/ru\/bien-etre-spa\/"]}]},{"@type":"BreadcrumbList","@id":"https:\/\/hotel-le-verseau.com\/ru\/bien-etre-spa\/#breadcrumb","itemListElement":[{"@type":"ListItem","position":1,"name":"Accueil","item":"https:\/\/hotel-le-verseau.com\/ru\/"},{"@type":"ListItem","position":2,"name":"Bien-\u00eatre &#038; SPA"}]},{"@type":"WebSite","@id":"https:\/\/hotel-le-verseau.com\/ru\/#website","url":"https:\/\/hotel-le-verseau.com\/ru\/","name":"H\u00f4tel Le Verseau","description":"","publisher":{"@id":"https:\/\/hotel-le-verseau.com\/ru\/#organization"},"potentialAction":[{"@type":"SearchAction","target":{"@type":"EntryPoint","urlTemplate":"https:\/\/hotel-le-verseau.com\/ru\/?s={search_term_string}"},"query-input":"required name=search_term_string"}],"inLanguage":"ru-RU"},{"@type":"Organization","@id":"https:\/\/hotel-le-verseau.com\/ru\/#organization","name":"H\u00f4tel Le Verseau","url":"https:\/\/hotel-le-verseau.com\/ru\/","logo":{"@type":"ImageObject","inLanguage":"ru-RU","@id":"https:\/\/hotel-le-verseau.com\/ru\/#\/schema\/logo\/image\/","url":"https:\/\/hotel-le-verseau.com\/wp-content\/uploads\/hotel_ban1.jpg","contentUrl":"https:\/\/hotel-le-verseau.com\/wp-content\/uploads\/hotel_ban1.jpg","width":669,"height":106,"caption":"H\u00f4tel Le Verseau"},"image":{"@id":"https:\/\/hotel-le-verseau.com\/ru\/#\/schema\/logo\/image\/"}}]}},"_links":{"self":[{"href":"https:\/\/hotel-le-verseau.com\/ru\/wp-json\/wp\/v2\/pages\/1017"}],"collection":[{"href":"https:\/\/hotel-le-verseau.com\/ru\/wp-json\/wp\/v2\/pages"}],"about":[{"href":"https:\/\/hotel-le-verseau.com\/ru\/wp-json\/wp\/v2\/types\/page"}],"author":[{"embeddable":true,"href":"https:\/\/hotel-le-verseau.com\/ru\/wp-json\/wp\/v2\/users\/1"}],"replies":[{"embeddable":true,"href":"https:\/\/hotel-le-verseau.com\/ru\/wp-json\/wp\/v2\/comments?post=1017"}],"version-history":[{"count":1,"href":"https:\/\/hotel-le-verseau.com\/ru\/wp-json\/wp\/v2\/pages\/1017\/revisions"}],"predecessor-version":[{"id":1018,"href":"https:\/\/hotel-le-verseau.com\/ru\/wp-json\/wp\/v2\/pages\/1017\/revisions\/1018"}],"wp:attachment":[{"href":"https:\/\/hotel-le-verseau.com\/ru\/wp-json\/wp\/v2\/media?parent=1017"}],"curies":[{"name":"wp","href":"https:\/\/api.w.org\/{rel}","templated":true}]}}